{"id":14497,"date":"2026-04-10T16:40:39","date_gmt":"2026-04-10T13:40:39","guid":{"rendered":"https:\/\/www.livello.com.tr\/?page_id=14497"},"modified":"2026-04-14T10:53:43","modified_gmt":"2026-04-14T07:53:43","slug":"discover","status":"publish","type":"page","link":"https:\/\/www.livello.com.tr\/en\/discover\/","title":{"rendered":"Discover"},"content":{"rendered":"<div class=\"wpb-content-wrapper\"><p>[vc_row][vc_column][vc_raw_html]JTNDZGl2JTIwaWQlM0QlMjJsaXZlbGxvLWludHJvJTIyJTNFJTBBJTIwJTIwJTNDZGl2JTIwY2xhc3MlM0QlMjJsb2dvLXdyYXBwZXIlMjIlM0UlMEElMjAlMjAlMjAlMjAlM0NpbWclMjBzcmMlM0QlMjJodHRwcyUzQSUyRiUyRnd3dy5saXZlbGxvLmNvbS50ciUyRndwLWNvbnRlbnQlMkZ1cGxvYWRzJTJGMjAyNSUyRjExJTJGbGl2ZWxsby1sb2dvLXRyX3ZlY3RvcjEucG5nJTIyJTIwJTJGJTNFJTBBJTIwJTIwJTIwJTIwJTNDZGl2JTIwY2xhc3MlM0QlMjJsb2dvLXJldmVhbCUyMiUzRSUzQyUyRmRpdiUzRSUwQSUyMCUyMCUzQyUyRmRpdiUzRSUwQSUzQyUyRmRpdiUzRQ==[\/vc_raw_html][vc_raw_js]JTNDc2NyaXB0JTNFJTIwZG9jdW1lbnQuYWRkRXZlbnRMaXN0ZW5lciUyOCUyMkRPTUNvbnRlbnRMb2FkZWQlMjIlMkMlMjBmdW5jdGlvbiUyMCUyOCUyOSUyMCU3QiUwQSUwQSUyMCUyMGNvbnN0JTIwaW50cm8lMjAlM0QlMjBkb2N1bWVudC5nZXRFbGVtZW50QnlJZCUyOCUyMmxpdmVsbG8taW50cm8lMjIlMjklM0IlMEElMEElMjAlMjBjb25zdCUyMGR1cmF0aW9uJTIwJTNEJTIwMTgwMCUzQiUyMCUyRiUyRiUyMENTUyUyMGlsZSUyMGF5biVDNCVCMSUwQSUwQSUyMCUyMHdpbmRvdy5hZGRFdmVudExpc3RlbmVyJTI4JTIybG9hZCUyMiUyQyUyMGZ1bmN0aW9uJTIwJTI4JTI5JTIwJTdCJTBBJTIwJTIwJTIwJTIwc2V0VGltZW91dCUyOCUyOCUyOSUyMCUzRCUzRSUyMCU3QiUwQSUyMCUyMCUyMCUyMCUyMCUyMGludHJvLmNsYXNzTGlzdC5hZGQlMjglMjJoaWRlJTIyJTI5JTNCJTBBJTIwJTIwJTIwJTIwJTdEJTJDJTIwZHVyYXRpb24lMjAlMkIlMjAzMDAlMjklM0IlMEElMjAlMjAlN0QlMjklM0IlMEElMEElN0QlMjklM0IlMjAlM0MlMkZzY3JpcHQlM0U=[\/vc_raw_js][\/vc_column][\/vc_row][vc_row equal_height=&#8221;yes&#8221; woodmart_css_id=&#8221;69dde3f47f6de&#8221; responsive_spacing=&#8221;eyJwYXJhbV90eXBlIjoid29vZG1hcnRfcmVzcG9uc2l2ZV9zcGFjaW5nIiwic2VsZWN0b3JfaWQiOiI2OWRkZTNmNDdmNmRlIiwic2hvcnRjb2RlIjoidmNfcm93IiwiZGF0YSI6eyJ0YWJsZXQiOnt9LCJtb2JpbGUiOnt9fX0=&#8221; mobile_bg_img_hidden=&#8221;no&#8221; tablet_bg_img_hidden=&#8221;no&#8221; woodmart_parallax=&#8221;0&#8243; woodmart_gradient_switch=&#8221;no&#8221; woodmart_box_shadow=&#8221;no&#8221; wd_z_index=&#8221;no&#8221; woodmart_disable_overflow=&#8221;0&#8243; row_reverse_mobile=&#8221;0&#8243; row_reverse_tablet=&#8221;0&#8243; el_id=&#8221;info&#8221; el_class=&#8221;ust&#8221;][vc_column width=&#8221;1\/2&#8243;][vc_single_image image=&#8221;14495&#8243; img_size=&#8221;full&#8221; parallax_scroll=&#8221;no&#8221; woodmart_inline=&#8221;no&#8221;][\/vc_column][vc_column width=&#8221;1\/2&#8243;][vc_raw_html]JTNDZGl2JTIwY2xhc3MlM0QlMjJkaXNjb3Zlci1zZWMlMjBrYXRhbG9nJTIyJTNFJTBBJTNDZGl2JTIwY2xhc3MlM0QlMjJkaXNjb3Zlci1zZWMtaWNvbiUyMiUzRSUzQ2ltZyUyMHNyYyUzRCUyMmh0dHBzJTNBJTJGJTJGd3d3LmxpdmVsbG8uY29tLnRyJTJGd3AtY29udGVudCUyRnVwbG9hZHMlMkYyMDI1JTJGMTElMkZpY29uLnBuZyUyMiUzRSUzQyUyRmRpdiUzRSUwQSUzQ2RpdiUyMGNsYXNzJTNEJTIyZGlzY292ZXItc2VjLXRpdGxlJTIyJTNFUHJvZHVjdCUyMENhdGFsb2clM0MlMkZkaXYlM0UlMEElM0NkaXYlMjBjbGFzcyUzRCUyMmRpc2NvdmVyLXRleHQlMjIlM0VZb3UlMjBjYW4lMjBkb3dubG9hZCUyMExpdmVsbG8lMjdzJTIwdXBkYXRlZCUyMHByb2R1Y3QlMjBjYXRhbG9nJTIwYnklMjBjbGlja2luZyUyMHRoZSUyMGJ1dHRvbiUyMGJlbG93LiUyMEJyb3dzZSUyMG91ciUyMGNhdGFsb2clMjB0byUyMGRpc2NvdmVyJTIwb3VyJTIwbGF0ZXN0JTIwcHJvZHVjdHMlMjBhbmQlMjBkZXNpZ25zJTIxJTNDJTJGZGl2JTNFJTBBJTNDZGl2JTIwY2xhc3MlM0QlMjJkaXNjb3Zlci1idG4lMjIlM0UlMEElM0NhJTIwaHJlZiUzRCUyMmh0dHBzJTNBJTJGJTJGd3d3LmxpdmVsbG8uY29tLnRyJTJGd3AtY29udGVudCUyRnVwbG9hZHMlMkYyMDI1JTJGMTIlMkZsaXZlbGxvLW9ubGluZS1rYXRhbG9nLnBkZiUyMiUzRSUwQSUzQ2ltZyUyMHNyYyUzRCUyMmh0dHBzJTNBJTJGJTJGY2RuLWljb25zLXBuZy5mbGF0aWNvbi5jb20lMkYxMjglMkY2MTMlMkY2MTMxNjcucG5nJTIyJTNFJTIwVmlldyUyMExpdmVsbG8lMjBQcm9kdWN0JTIwQ2F0YWxvZyUwQSUzQyUyRmElM0UlMEElM0NhJTIwaHJlZiUzRCUyMmh0dHBzJTNBJTJGJTJGd3d3LmxpdmVsbG8uY29tLnRyJTJGd3AtY29udGVudCUyRnVwbG9hZHMlMkYyMDI1JTJGMTIlMkZsaXZlbGxvLW9ubGluZS1rYXRhbG9nLnBkZiUyMiUyMGRvd25sb2FkJTNFJTBBJTNDaW1nJTIwc3JjJTNEJTIyaHR0cHMlM0ElMkYlMkZ3d3cubGl2ZWxsby5jb20udHIlMkZ3cC1jb250ZW50JTJGdXBsb2FkcyUyRjIwMjYlMkYwNCUyRjM1MDI0NzcucG5nJTIyJTNFJTIwRG93bmxvYWQlMjBMaXZlbGxvJTIwUHJvZHVjdCUyMENhdGFsb2clMEElM0MlMkZhJTNFJTBBJTNDJTJGZGl2JTNFJTBBJTNDJTJGZGl2JTNF[\/vc_raw_html][\/vc_column][\/vc_row][vc_row equal_height=&#8221;yes&#8221; woodmart_css_id=&#8221;69dde427c16ab&#8221; responsive_spacing=&#8221;eyJwYXJhbV90eXBlIjoid29vZG1hcnRfcmVzcG9uc2l2ZV9zcGFjaW5nIiwic2VsZWN0b3JfaWQiOiI2OWRkZTQyN2MxNmFiIiwic2hvcnRjb2RlIjoidmNfcm93IiwiZGF0YSI6eyJ0YWJsZXQiOnt9LCJtb2JpbGUiOnt9fX0=&#8221; mobile_bg_img_hidden=&#8221;no&#8221; tablet_bg_img_hidden=&#8221;no&#8221; woodmart_parallax=&#8221;0&#8243; woodmart_gradient_switch=&#8221;no&#8221; woodmart_box_shadow=&#8221;no&#8221; wd_z_index=&#8221;no&#8221; woodmart_disable_overflow=&#8221;0&#8243; row_reverse_mobile=&#8221;0&#8243; row_reverse_tablet=&#8221;0&#8243; el_id=&#8221;info&#8221; el_class=&#8221;alt&#8221;][vc_column width=&#8221;1\/2&#8243;][vc_raw_html]JTNDZGl2JTIwY2xhc3MlM0QlMjJkaXNjb3Zlci1zZWMlMjBwYXJ0bmVyc2hpcCUyMiUzRSUwQSUzQ2RpdiUyMGNsYXNzJTNEJTIyZGlzY292ZXItc2VjLWljb24lMjIlM0UlM0NpbWclMjBzcmMlM0QlMjJodHRwcyUzQSUyRiUyRnd3dy5saXZlbGxvLmNvbS50ciUyRndwLWNvbnRlbnQlMkZ1cGxvYWRzJTJGMjAyNSUyRjExJTJGaWNvbi5wbmclMjIlM0UlM0MlMkZkaXYlM0UlMEElM0NkaXYlMjBjbGFzcyUzRCUyMmRpc2NvdmVyLXNlYy10aXRsZSUyMiUzRVBhcnRuZXJzaGlwJTIwSGFuZGJvb2slM0MlMkZkaXYlM0UlMEElM0NkaXYlMjBjbGFzcyUzRCUyMmRpc2NvdmVyLXRleHQlMjIlM0VEb3dubG9hZCUyMHRoZSUyMFBhcnRuZXJzaGlwJTIwSGFuZGJvb2slMjB0byUyMGxlYXJuJTIwbW9yZSUyMGFib3V0JTIwY29sbGFib3JhdGlvbnMlMjB3aXRoJTIwTGl2ZWxsby4lMjBDbGljayUyMHRoZSUyMGxpbmslMjBiZWxvdyUyMHRvJTIwZG93bmxvYWQlMjB0aGUlMjBQREYlMjBmaWxlJTIwYW5kJTIwdmlzaXQlMjBvdXIlMjB3ZWJzaXRlJTIwZm9yJTIwbW9yZSUyMGluZm9ybWF0aW9uLiUzQyUyRmRpdiUzRSUwQSUzQ2RpdiUyMGNsYXNzJTNEJTIyZGlzY292ZXItYnRuJTIyJTNFJTBBJTNDYSUyMHRhcmdldCUzRCUyMl9ibGFuayUyMiUyMGhyZWYlM0QlMjJodHRwcyUzQSUyRiUyRnd3dy5saXZlbGxvLmNvbS50ciUyRndwLWNvbnRlbnQlMkZ1cGxvYWRzJTJGMjAyNiUyRjAxJTJGbGl2ZWxsby1wYXJ0bmVyc2hpcC5wZGYlMjIlM0UlMEElM0NpbWclMjBzcmMlM0QlMjJodHRwcyUzQSUyRiUyRnd3dy5saXZlbGxvLmNvbS50ciUyRndwLWNvbnRlbnQlMkZ1cGxvYWRzJTJGMjAyNiUyRjA0JTJGMzUwMjQ3Ny5wbmclMjIlM0UlMjBEb3dubG9hZCUyMFBhcnRuZXJzaGlwJTIwSGFuZGJvb2slMEElM0MlMkZhJTNFJTBBJTNDYSUyMHRhcmdldCUzRCUyMl9ibGFuayUyMiUyMGhyZWYlM0QlMjJodHRwcyUzQSUyRiUyRnBhcnRuZXJzaGlwLmxpdmVsbG8uY29tLnRyJTJGJTIyJTNFJTBBJTNDaW1nJTIwc3JjJTNEJTIyaHR0cHMlM0ElMkYlMkZ3d3cubGl2ZWxsby5jb20udHIlMkZ3cC1jb250ZW50JTJGdXBsb2FkcyUyRjIwMjYlMkYwNCUyRjY1OTk5OS5wbmclMjIlM0UlMjBQYXJ0bmVyc2hpcCUyMFdlYnNpdGUlMEElM0MlMkZhJTNFJTBBJTNDJTJGZGl2JTNFJTBBJTNDJTJGZGl2JTNF[\/vc_raw_html][\/vc_column][vc_column width=&#8221;1\/2&#8243;][vc_single_image image=&#8221;14496&#8243; img_size=&#8221;full&#8221; alignment=&#8221;right&#8221; parallax_scroll=&#8221;no&#8221; woodmart_inline=&#8221;no&#8221;][\/vc_column][\/vc_row]<\/p>\n<\/div>","protected":false},"excerpt":{"rendered":"<p>[vc_row][vc_column][vc_raw_html]JTNDZGl2JTIwaWQlM0QlMjJsaXZlbGxvLWludHJvJTIyJTNFJTBBJTIwJTIwJTNDZGl2JTIwY2xhc3MlM0QlMjJsb2dvLXdyYXBwZXIlMjIlM0UlMEElMjAlMjAlMjAlMjAlM0NpbWclMjBzcmMlM0QlMjJodHRwcyUzQSUyRiUyRnd3dy5saXZlbGxvLmNvbS50ciUyRndwLWNvbnRlbnQlMkZ1cGxvYWRzJTJGMjAyNSUyRjExJTJGbGl2ZWxsby1sb2dvLXRyX3ZlY3RvcjEucG5nJTIyJTIwJTJGJTNFJTBBJTIwJTIwJTIwJTIwJTNDZGl2JTIwY2xhc3MlM0QlMjJsb2dvLXJldmVhbCUyMiUzRSUzQyUyRmRpdiUzRSUwQSUyMCUyMCUzQyUyRmRpdiUzRSUwQSUzQyUyRmRpdiUzRQ==[\/vc_raw_html][vc_raw_js]JTNDc2NyaXB0JTNFJTIwZG9jdW1lbnQuYWRkRXZlbnRMaXN0ZW5lciUyOCUyMkRPTUNvbnRlbnRMb2FkZWQlMjIlMkMlMjBmdW5jdGlvbiUyMCUyOCUyOSUyMCU3QiUwQSUwQSUyMCUyMGNvbnN0JTIwaW50cm8lMjAlM0QlMjBkb2N1bWVudC5nZXRFbGVtZW50QnlJZCUyOCUyMmxpdmVsbG8taW50cm8lMjIlMjklM0IlMEElMEElMjAlMjBjb25zdCUyMGR1cmF0aW9uJTIwJTNEJTIwMTgwMCUzQiUyMCUyRiUyRiUyMENTUyUyMGlsZSUyMGF5biVDNCVCMSUwQSUwQSUyMCUyMHdpbmRvdy5hZGRFdmVudExpc3RlbmVyJTI4JTIybG9hZCUyMiUyQyUyMGZ1bmN0aW9uJTIwJTI4JTI5JTIwJTdCJTBBJTIwJTIwJTIwJTIwc2V0VGltZW91dCUyOCUyOCUyOSUyMCUzRCUzRSUyMCU3QiUwQSUyMCUyMCUyMCUyMCUyMCUyMGludHJvLmNsYXNzTGlzdC5hZGQlMjglMjJoaWRlJTIyJTI5JTNCJTBBJTIwJTIwJTIwJTIwJTdEJTJDJTIwZHVyYXRpb24lMjAlMkIlMjAzMDAlMjklM0IlMEElMjAlMjAlN0QlMjklM0IlMEElMEElN0QlMjklM0IlMjAlM0MlMkZzY3JpcHQlM0U=[\/vc_raw_js][\/vc_column][\/vc_row][vc_row equal_height=&#8221;yes&#8221; woodmart_css_id=&#8221;69dde3f47f6de&#8221; responsive_spacing=&#8221;eyJwYXJhbV90eXBlIjoid29vZG1hcnRfcmVzcG9uc2l2ZV9zcGFjaW5nIiwic2VsZWN0b3JfaWQiOiI2OWRkZTNmNDdmNmRlIiwic2hvcnRjb2RlIjoidmNfcm93IiwiZGF0YSI6eyJ0YWJsZXQiOnt9LCJtb2JpbGUiOnt9fX0=&#8221; mobile_bg_img_hidden=&#8221;no&#8221; tablet_bg_img_hidden=&#8221;no&#8221; woodmart_parallax=&#8221;0&#8243; woodmart_gradient_switch=&#8221;no&#8221; woodmart_box_shadow=&#8221;no&#8221; wd_z_index=&#8221;no&#8221; woodmart_disable_overflow=&#8221;0&#8243; row_reverse_mobile=&#8221;0&#8243; row_reverse_tablet=&#8221;0&#8243; el_id=&#8221;info&#8221; el_class=&#8221;ust&#8221;][vc_column width=&#8221;1\/2&#8243;][vc_single_image image=&#8221;14495&#8243; img_size=&#8221;full&#8221; parallax_scroll=&#8221;no&#8221; woodmart_inline=&#8221;no&#8221;][\/vc_column][vc_column<\/p>\n","protected":false},"author":1,"featured_media":0,"parent":0,"menu_order":0,"comment_status":"closed","ping_status":"closed","template":"","meta":{"_acf_changed":false,"footnotes":""},"class_list":["post-14497","page","type-page","status-publish","hentry"],"acf":[],"yoast_head":"<!-- This site is optimized with the Yoast SEO Premium plugin v21.3 (Yoast SEO v25.9) - https:\/\/yoast.com\/wordpress\/plugins\/seo\/ -->\n<title>Discover - Livello Mobilya<\/title>\n<meta name=\"robots\" content=\"index, follow, max-snippet:-1, max-image-preview:large, max-video-preview:-1\" \/>\n<link rel=\"canonical\" href=\"https:\/\/www.livello.com.tr\/en\/discover\/\" \/>\n<meta property=\"og:locale\" content=\"en_US\" \/>\n<meta property=\"og:type\" content=\"article\" \/>\n<meta property=\"og:title\" content=\"Discover\" \/>\n<meta property=\"og:description\" content=\"[vc_row][vc_column][vc_raw_html]JTNDZGl2JTIwaWQlM0QlMjJsaXZlbGxvLWludHJvJTIyJTNFJTBBJTIwJTIwJTNDZGl2JTIwY2xhc3MlM0QlMjJsb2dvLXdyYXBwZXIlMjIlM0UlMEElMjAlMjAlMjAlMjAlM0NpbWclMjBzcmMlM0QlMjJodHRwcyUzQSUyRiUyRnd3dy5saXZlbGxvLmNvbS50ciUyRndwLWNvbnRlbnQlMkZ1cGxvYWRzJTJGMjAyNSUyRjExJTJGbGl2ZWxsby1sb2dvLXRyX3ZlY3RvcjEucG5nJTIyJTIwJTJGJTNFJTBBJTIwJTIwJTIwJTIwJTNDZGl2JTIwY2xhc3MlM0QlMjJsb2dvLXJldmVhbCUyMiUzRSUzQyUyRmRpdiUzRSUwQSUyMCUyMCUzQyUyRmRpdiUzRSUwQSUzQyUyRmRpdiUzRQ==[\/vc_raw_html][vc_raw_js]JTNDc2NyaXB0JTNFJTIwZG9jdW1lbnQuYWRkRXZlbnRMaXN0ZW5lciUyOCUyMkRPTUNvbnRlbnRMb2FkZWQlMjIlMkMlMjBmdW5jdGlvbiUyMCUyOCUyOSUyMCU3QiUwQSUwQSUyMCUyMGNvbnN0JTIwaW50cm8lMjAlM0QlMjBkb2N1bWVudC5nZXRFbGVtZW50QnlJZCUyOCUyMmxpdmVsbG8taW50cm8lMjIlMjklM0IlMEElMEElMjAlMjBjb25zdCUyMGR1cmF0aW9uJTIwJTNEJTIwMTgwMCUzQiUyMCUyRiUyRiUyMENTUyUyMGlsZSUyMGF5biVDNCVCMSUwQSUwQSUyMCUyMHdpbmRvdy5hZGRFdmVudExpc3RlbmVyJTI4JTIybG9hZCUyMiUyQyUyMGZ1bmN0aW9uJTIwJTI4JTI5JTIwJTdCJTBBJTIwJTIwJTIwJTIwc2V0VGltZW91dCUyOCUyOCUyOSUyMCUzRCUzRSUyMCU3QiUwQSUyMCUyMCUyMCUyMCUyMCUyMGludHJvLmNsYXNzTGlzdC5hZGQlMjglMjJoaWRlJTIyJTI5JTNCJTBBJTIwJTIwJTIwJTIwJTdEJTJDJTIwZHVyYXRpb24lMjAlMkIlMjAzMDAlMjklM0IlMEElMjAlMjAlN0QlMjklM0IlMEElMEElN0QlMjklM0IlMjAlM0MlMkZzY3JpcHQlM0U=[\/vc_raw_js][\/vc_column][\/vc_row][vc_row equal_height=&#8221;yes&#8221; woodmart_css_id=&#8221;69dde3f47f6de&#8221; responsive_spacing=&#8221;eyJwYXJhbV90eXBlIjoid29vZG1hcnRfcmVzcG9uc2l2ZV9zcGFjaW5nIiwic2VsZWN0b3JfaWQiOiI2OWRkZTNmNDdmNmRlIiwic2hvcnRjb2RlIjoidmNfcm93IiwiZGF0YSI6eyJ0YWJsZXQiOnt9LCJtb2JpbGUiOnt9fX0=&#8221; mobile_bg_img_hidden=&#8221;no&#8221; tablet_bg_img_hidden=&#8221;no&#8221; woodmart_parallax=&#8221;0&#8243; woodmart_gradient_switch=&#8221;no&#8221; woodmart_box_shadow=&#8221;no&#8221; wd_z_index=&#8221;no&#8221; woodmart_disable_overflow=&#8221;0&#8243; row_reverse_mobile=&#8221;0&#8243; row_reverse_tablet=&#8221;0&#8243; el_id=&#8221;info&#8221; el_class=&#8221;ust&#8221;][vc_column width=&#8221;1\/2&#8243;][vc_single_image image=&#8221;14495&#8243; img_size=&#8221;full&#8221; parallax_scroll=&#8221;no&#8221; woodmart_inline=&#8221;no&#8221;][\/vc_column][vc_column\" \/>\n<meta property=\"og:url\" content=\"https:\/\/www.livello.com.tr\/en\/discover\/\" \/>\n<meta property=\"og:site_name\" content=\"Livello Mobilya\" \/>\n<meta property=\"article:modified_time\" content=\"2026-04-14T07:53:43+00:00\" \/>\n<meta name=\"twitter:card\" content=\"summary_large_image\" \/>\n<meta name=\"twitter:label1\" content=\"Est. reading time\" \/>\n\t<meta name=\"twitter:data1\" content=\"1 minute\" \/>\n<script type=\"application\/ld+json\" class=\"yoast-schema-graph\">{\"@context\":\"https:\/\/schema.org\",\"@graph\":[{\"@type\":\"WebPage\",\"@id\":\"https:\/\/www.livello.com.tr\/en\/discover\/\",\"url\":\"https:\/\/www.livello.com.tr\/en\/discover\/\",\"name\":\"Discover - Livello Mobilya\",\"isPartOf\":{\"@id\":\"https:\/\/www.livello.com.tr\/en\/#website\"},\"datePublished\":\"2026-04-10T13:40:39+00:00\",\"dateModified\":\"2026-04-14T07:53:43+00:00\",\"breadcrumb\":{\"@id\":\"https:\/\/www.livello.com.tr\/en\/discover\/#breadcrumb\"},\"inLanguage\":\"en-US\",\"potentialAction\":[{\"@type\":\"ReadAction\",\"target\":[\"https:\/\/www.livello.com.tr\/en\/discover\/\"]}]},{\"@type\":\"BreadcrumbList\",\"@id\":\"https:\/\/www.livello.com.tr\/en\/discover\/#breadcrumb\",\"itemListElement\":[{\"@type\":\"ListItem\",\"position\":1,\"name\":\"Home\",\"item\":\"https:\/\/www.livello.com.tr\/en\/\"},{\"@type\":\"ListItem\",\"position\":2,\"name\":\"Discover\"}]},{\"@type\":\"WebSite\",\"@id\":\"https:\/\/www.livello.com.tr\/en\/#website\",\"url\":\"https:\/\/www.livello.com.tr\/en\/\",\"name\":\"Livello Mobilya\",\"description\":\"T\u00fcrkiye&#039;nin Sonsuz Giyinme Odas\u0131 Markas\u0131\",\"potentialAction\":[{\"@type\":\"SearchAction\",\"target\":{\"@type\":\"EntryPoint\",\"urlTemplate\":\"https:\/\/www.livello.com.tr\/en\/?s={search_term_string}\"},\"query-input\":{\"@type\":\"PropertyValueSpecification\",\"valueRequired\":true,\"valueName\":\"search_term_string\"}}],\"inLanguage\":\"en-US\"}]}<\/script>\n<!-- \/ Yoast SEO Premium plugin. -->","yoast_head_json":{"title":"Discover - Livello Mobilya","robots":{"index":"index","follow":"follow","max-snippet":"max-snippet:-1","max-image-preview":"max-image-preview:large","max-video-preview":"max-video-preview:-1"},"canonical":"https:\/\/www.livello.com.tr\/en\/discover\/","og_locale":"en_US","og_type":"article","og_title":"Discover","og_description":"[vc_row][vc_column][vc_raw_html]JTNDZGl2JTIwaWQlM0QlMjJsaXZlbGxvLWludHJvJTIyJTNFJTBBJTIwJTIwJTNDZGl2JTIwY2xhc3MlM0QlMjJsb2dvLXdyYXBwZXIlMjIlM0UlMEElMjAlMjAlMjAlMjAlM0NpbWclMjBzcmMlM0QlMjJodHRwcyUzQSUyRiUyRnd3dy5saXZlbGxvLmNvbS50ciUyRndwLWNvbnRlbnQlMkZ1cGxvYWRzJTJGMjAyNSUyRjExJTJGbGl2ZWxsby1sb2dvLXRyX3ZlY3RvcjEucG5nJTIyJTIwJTJGJTNFJTBBJTIwJTIwJTIwJTIwJTNDZGl2JTIwY2xhc3MlM0QlMjJsb2dvLXJldmVhbCUyMiUzRSUzQyUyRmRpdiUzRSUwQSUyMCUyMCUzQyUyRmRpdiUzRSUwQSUzQyUyRmRpdiUzRQ==[\/vc_raw_html][vc_raw_js]JTNDc2NyaXB0JTNFJTIwZG9jdW1lbnQuYWRkRXZlbnRMaXN0ZW5lciUyOCUyMkRPTUNvbnRlbnRMb2FkZWQlMjIlMkMlMjBmdW5jdGlvbiUyMCUyOCUyOSUyMCU3QiUwQSUwQSUyMCUyMGNvbnN0JTIwaW50cm8lMjAlM0QlMjBkb2N1bWVudC5nZXRFbGVtZW50QnlJZCUyOCUyMmxpdmVsbG8taW50cm8lMjIlMjklM0IlMEElMEElMjAlMjBjb25zdCUyMGR1cmF0aW9uJTIwJTNEJTIwMTgwMCUzQiUyMCUyRiUyRiUyMENTUyUyMGlsZSUyMGF5biVDNCVCMSUwQSUwQSUyMCUyMHdpbmRvdy5hZGRFdmVudExpc3RlbmVyJTI4JTIybG9hZCUyMiUyQyUyMGZ1bmN0aW9uJTIwJTI4JTI5JTIwJTdCJTBBJTIwJTIwJTIwJTIwc2V0VGltZW91dCUyOCUyOCUyOSUyMCUzRCUzRSUyMCU3QiUwQSUyMCUyMCUyMCUyMCUyMCUyMGludHJvLmNsYXNzTGlzdC5hZGQlMjglMjJoaWRlJTIyJTI5JTNCJTBBJTIwJTIwJTIwJTIwJTdEJTJDJTIwZHVyYXRpb24lMjAlMkIlMjAzMDAlMjklM0IlMEElMjAlMjAlN0QlMjklM0IlMEElMEElN0QlMjklM0IlMjAlM0MlMkZzY3JpcHQlM0U=[\/vc_raw_js][\/vc_column][\/vc_row][vc_row equal_height=&#8221;yes&#8221; woodmart_css_id=&#8221;69dde3f47f6de&#8221; responsive_spacing=&#8221;eyJwYXJhbV90eXBlIjoid29vZG1hcnRfcmVzcG9uc2l2ZV9zcGFjaW5nIiwic2VsZWN0b3JfaWQiOiI2OWRkZTNmNDdmNmRlIiwic2hvcnRjb2RlIjoidmNfcm93IiwiZGF0YSI6eyJ0YWJsZXQiOnt9LCJtb2JpbGUiOnt9fX0=&#8221; mobile_bg_img_hidden=&#8221;no&#8221; tablet_bg_img_hidden=&#8221;no&#8221; woodmart_parallax=&#8221;0&#8243; woodmart_gradient_switch=&#8221;no&#8221; woodmart_box_shadow=&#8221;no&#8221; wd_z_index=&#8221;no&#8221; woodmart_disable_overflow=&#8221;0&#8243; row_reverse_mobile=&#8221;0&#8243; row_reverse_tablet=&#8221;0&#8243; el_id=&#8221;info&#8221; el_class=&#8221;ust&#8221;][vc_column width=&#8221;1\/2&#8243;][vc_single_image image=&#8221;14495&#8243; img_size=&#8221;full&#8221; parallax_scroll=&#8221;no&#8221; woodmart_inline=&#8221;no&#8221;][\/vc_column][vc_column","og_url":"https:\/\/www.livello.com.tr\/en\/discover\/","og_site_name":"Livello Mobilya","article_modified_time":"2026-04-14T07:53:43+00:00","twitter_card":"summary_large_image","twitter_misc":{"Est. reading time":"1 minute"},"schema":{"@context":"https:\/\/schema.org","@graph":[{"@type":"WebPage","@id":"https:\/\/www.livello.com.tr\/en\/discover\/","url":"https:\/\/www.livello.com.tr\/en\/discover\/","name":"Discover - Livello Mobilya","isPartOf":{"@id":"https:\/\/www.livello.com.tr\/en\/#website"},"datePublished":"2026-04-10T13:40:39+00:00","dateModified":"2026-04-14T07:53:43+00:00","breadcrumb":{"@id":"https:\/\/www.livello.com.tr\/en\/discover\/#breadcrumb"},"inLanguage":"en-US","potentialAction":[{"@type":"ReadAction","target":["https:\/\/www.livello.com.tr\/en\/discover\/"]}]},{"@type":"BreadcrumbList","@id":"https:\/\/www.livello.com.tr\/en\/discover\/#breadcrumb","itemListElement":[{"@type":"ListItem","position":1,"name":"Home","item":"https:\/\/www.livello.com.tr\/en\/"},{"@type":"ListItem","position":2,"name":"Discover"}]},{"@type":"WebSite","@id":"https:\/\/www.livello.com.tr\/en\/#website","url":"https:\/\/www.livello.com.tr\/en\/","name":"Livello Mobilya","description":"T\u00fcrkiye&#039;nin Sonsuz Giyinme Odas\u0131 Markas\u0131","potentialAction":[{"@type":"SearchAction","target":{"@type":"EntryPoint","urlTemplate":"https:\/\/www.livello.com.tr\/en\/?s={search_term_string}"},"query-input":{"@type":"PropertyValueSpecification","valueRequired":true,"valueName":"search_term_string"}}],"inLanguage":"en-US"}]}},"_links":{"self":[{"href":"https:\/\/www.livello.com.tr\/en\/wp-json\/wp\/v2\/pages\/14497","targetHints":{"allow":["GET"]}}],"collection":[{"href":"https:\/\/www.livello.com.tr\/en\/wp-json\/wp\/v2\/pages"}],"about":[{"href":"https:\/\/www.livello.com.tr\/en\/wp-json\/wp\/v2\/types\/page"}],"author":[{"embeddable":true,"href":"https:\/\/www.livello.com.tr\/en\/wp-json\/wp\/v2\/users\/1"}],"replies":[{"embeddable":true,"href":"https:\/\/www.livello.com.tr\/en\/wp-json\/wp\/v2\/comments?post=14497"}],"version-history":[{"count":3,"href":"https:\/\/www.livello.com.tr\/en\/wp-json\/wp\/v2\/pages\/14497\/revisions"}],"predecessor-version":[{"id":14506,"href":"https:\/\/www.livello.com.tr\/en\/wp-json\/wp\/v2\/pages\/14497\/revisions\/14506"}],"wp:attachment":[{"href":"https:\/\/www.livello.com.tr\/en\/wp-json\/wp\/v2\/media?parent=14497"}],"curies":[{"name":"wp","href":"https:\/\/api.w.org\/{rel}","templated":true}]}}